{"id":38,"date":"2020-10-06T19:34:56","date_gmt":"2020-10-06T19:34:56","guid":{"rendered":"http:\/\/cerasangelromero.com\/?page_id=38"},"modified":"2020-12-29T16:44:33","modified_gmt":"2020-12-29T16:44:33","slug":"inicio","status":"publish","type":"page","link":"http:\/\/cerasangelromero.com\/","title":{"rendered":"Inicio"},"content":{"rendered":"\n<style type=\"text\/css\">\n<!--\n\n.prisna-gwt-align-left {\n\ttext-align: left !important;\n}\n.prisna-gwt-align-right {\n\ttext-align: right !important;\n}\n\n\n.prisna-gwt-flags-container {\n\tlist-style: none !important;\n\tmargin: 0 !important;\n\tpadding: 0 !important;\n\tborder: none !important;\n\tclear: both !important;\n}\n.prisna-gwt-flag-container {\n\tlist-style: none !important;\n\tdisplay: inline-block;\n\tmargin: 0 2px 0 0 !important;\n\tpadding: 0 !important;\n\tborder: none !important;\n}\n.prisna-gwt-flag-container a {\n\tdisplay: inline-block;\n\tmargin: 0 !important;\n\tpadding: 0 !important;\n\tborder: none !important;\n\tbackground-repeat: no-repeat !important;\n\tbackground-image: url(http:\/\/cerasangelromero.com\/wp-content\/plugins\/google-website-translator\/images\/all.png) !important;\n\twidth: 22px !important;\n\theight: 16px !important;\n}\n.prisna-gwt-language-en a { background-position: 0px 0px !important; }\n.prisna-gwt-language-fr a { background-position: -22px 0px !important; }\n.prisna-gwt-language-de a { background-position: -88px 0px !important; }\n.prisna-gwt-language-pt a { background-position: -198px 0px !important; }\n.prisna-gwt-language-es a { background-position: -110px 0px !important; }\n\n\nbody {\n\ttop: 0 !important;\n}\n.goog-te-banner-frame {\n\tdisplay: none !important;\n\tvisibility: hidden !important;\n}\n\n.goog-tooltip,\n.goog-tooltip:hover {\n\tdisplay: none !important;\n}\n.goog-text-highlight {\n\tbackground-color: transparent !important;\n\tborder: none !important;\n\tbox-shadow: none !important;\n}\n\n-->\n<\/style>\n\n<script type=\"text\/javascript\">\n\/*<![CDATA[*\/\njQuery(document).ready(function() {\n\tjQuery(\"$('.company-name > font > font'),\").addClass(\"notranslate\");\n});\n\/*]]>*\/\n<\/script>\n\n\n<script type=\"text\/javascript\">\n\/*<![CDATA[*\/\n\/\/document.querySelectorAll('a').forEach(item => item.style.visibility = 'hidden')\r\n\/\/const makeVisible = () => document.querySelectorAll('a').forEach(item => item.style.visibility = 'visible')\r\n\/\/setTimeout( makeVisible, 1000 )\r\nconsole.log('pasa por aki')\n\/*]]>*\/\n<\/script>\n\n\n<script type=\"text\/javascript\">\n\/*<![CDATA[*\/\nvar PrisnaGWT = {\n\n\t_fire_event: function(_element, _event) {\n\t\t\n\t\ttry {\n\t\t\tif (document.createEvent) {\n\t\t\t\tvar ev = document.createEvent(\"HTMLEvents\");\n\t\t\t\tev.initEvent(_event, true, true);\n\t\t\t\t_element.dispatchEvent(ev);\n\t\t\t} \n\t\t\telse {\n\t\t\t\tvar ev = document.createEventObject();\n\t\t\t\t_element.fireEvent(\"on\" + _event, ev);\n\t\t\t}\n\t\t} \n\t\tcatch (e) {\n\t\t\tconsole.log(\"Prisna GWT: Browser not supported!\");\n\t\t}\n\t\t\n\t},\n\n\ttranslate: function(_language) {\n\t\n\t\tvar element;\n\t\tvar combos = document.getElementsByTagName(\"select\"); \/\/ IE8 doesn't support getElementsByClassName\n\t\t\n\t\tfor (var i=0; i<combos.length; i++)\n\t\t\tif (combos[i].className == \"goog-te-combo\")\n\t\t\t\telement = combos[i];\n\t\t\n\t\tif (!element)\n\t\t\treturn;\n\t\t\n\t\telement.value = _language;\n\t\tthis._fire_event(element, \"change\");\n\n\t}\n\t\n};\n\/*]]>*\/\n<\/script>\n<ul class=\"prisna-gwt-flags-container prisna-gwt-align-left notranslate\">\n\t<li class=\"prisna-gwt-flag-container prisna-gwt-language-es\">\n\t<a href=\"javascript:;\" onclick=\"PrisnaGWT.translate('es'); return false;\" title=\"Spanish\"><\/a>\n<\/li><li class=\"prisna-gwt-flag-container prisna-gwt-language-pt\">\n\t<a href=\"javascript:;\" onclick=\"PrisnaGWT.translate('pt'); return false;\" title=\"Portuguese\"><\/a>\n<\/li><li class=\"prisna-gwt-flag-container prisna-gwt-language-en\">\n\t<a href=\"javascript:;\" onclick=\"PrisnaGWT.translate('en'); return false;\" title=\"English\"><\/a>\n<\/li><li class=\"prisna-gwt-flag-container prisna-gwt-language-de\">\n\t<a href=\"javascript:;\" onclick=\"PrisnaGWT.translate('de'); return false;\" title=\"German\"><\/a>\n<\/li><li class=\"prisna-gwt-flag-container prisna-gwt-language-fr\">\n\t<a href=\"javascript:;\" onclick=\"PrisnaGWT.translate('fr'); return false;\" title=\"French\"><\/a>\n<\/li>\n<\/ul>\n\n<div id=\"google_translate_element\" class=\"prisna-gwt-align-left\"><\/div>\n<script type=\"text\/javascript\">\n\/*<![CDATA[*\/\nfunction initializeGoogleTranslateElement() {\n\tnew google.translate.TranslateElement({\n\t\tpageLanguage: \"es\",\n\t\tmultilanguagePage: true,\n\t\tincludedLanguages: \"en,fr,de,pt,es\"\n\t}, \"google_translate_element\");\n\/\/const makeVisible = () => document.querySelectorAll('a').forEach(item => item.style.visibility = 'visible')\r\n\/\/setTimeout( makeVisible, 2500 )\r\n\/\/window.onload = function() {\r\n\/\/  alert('hola');\r\n\/\/};\r\nconsole.log('heeey')\n}\n\/*]]>*\/\n<\/script>\n<script type=\"text\/javascript\" src=\"\/\/translate.google.com\/translate_a\/element.js?cb=initializeGoogleTranslateElement\"><\/script>\n\n\n\n<div class=\"ceras-inicio\">\n <div class=\"ceras-inicio-texto\">\n  <h1>Qu\u00e9 Hacemos&#8230;<\/h1>\n  <p class=\"p1\">F\u00e1brica de estampaci\u00f3n de cera de abejas, <strong>FLEXIBLE Y R\u00cdGIDA<\/strong> en todas las medidas.<\/p>\n  <\/br> \n  <p class=\"p1\">Laminamos su propia cera.<\/p>\n  <\/br> \n  <p class=\"p1\">Compra\/Venta de cera, miel, polen alimento, colmenas, maquinaria y material ap\u00edcola.<\/p>\n <\/div>\n <div class=\"ceras-inicio-texto-mobile\">\n  <h2>Qu\u00e9 Hacemos&#8230;<\/h2>\n  <p class=\"p1\">F\u00e1brica de estampaci\u00f3n de cera de abejas, <strong>FLEXIBLE Y R\u00cdGIDA<\/strong> en todas las medidas.<\/p>\n  <\/br> \n  <p class=\"p1\">Laminamos su propia cera.<\/p>\n  <\/br> \n  <p class=\"p1\">Compra\/Venta de cera, miel, polen alimento, colmenas, maquinaria y material ap\u00edcola.<\/p>\n <\/div>\n<\/div>\n\n\n<div style=\"display:none\">\n<h6 style=\"text-align: center;\"><img loading=\"lazy\" style=\"font-size: inherit; background-color: initial;\" src=\"http:\/\/cerasangelromero.com\/wp-content\/uploads\/2020\/11\/iStock-531311994-01jpg-1024x488.jpg\" sizes=\"(max-width: 1024px) 100vw, 1024px\" srcset=\"http:\/\/cerasangelromero.com\/wp-content\/uploads\/2020\/11\/iStock-531311994-01jpg-1024x488.jpg 1024w, http:\/\/cerasangelromero.com\/wp-content\/uploads\/2020\/11\/iStock-531311994-01jpg-300x143.jpg 300w, http:\/\/cerasangelromero.com\/wp-content\/uploads\/2020\/11\/iStock-531311994-01jpg-768x366.jpg 768w, http:\/\/cerasangelromero.com\/wp-content\/uploads\/2020\/11\/iStock-531311994-01jpg-1536x731.jpg 1536w, http:\/\/cerasangelromero.com\/wp-content\/uploads\/2020\/11\/iStock-531311994-01jpg-2048x975.jpg 2048w\" alt=\"\" width=\"1024\" height=\"488\"><\/h6>\n<p><img title=\"hex\u00e1gonos\" src=\"http:\/\/cerasangelromero.com\/wp-content\/uploads\/elementor\/thumbs\/hexagonos-oy68b5kzw9emx77rmrlhw2e9kisc7i4sdzqq9ul6qk.jpg\" alt=\"hex\u00e1gonos\"><br><img title=\"hex\u00e1gonos\" src=\"http:\/\/cerasangelromero.com\/wp-content\/uploads\/elementor\/thumbs\/hexagonos-oy68b5kzac0f474wfb5wu0z31uoivmixg3g575ckq0.jpg\" alt=\"hex\u00e1gonos\"><\/p>\n<\/div>\n\n<style>\n\n  .menu-item a {\n    text-transform: capitalize;\n  }\n  .prisna-gwt-flags-container > li {\n     margin: 4px !important;\n  }\n\n  .prisna-gwt-align-left {\n    text-align: left !important;\n    position: fixed;\n    top: 10px;\n    right: 10px;\n  }\n\n  .prisna-gwt-align-left select {\n    display: none;\n  }\n\n  .goog-te-gadget {\n    width: 0;\n    overflow: hidden;\n  }\n\n\n  * {\n   font-family: \"Helvetica\" !important;\n  }\n  html, body {\n    height: 100%;\n  }\n  body {\n   display: flex;\n   flex-direction: column;\n  }\n  .current_page_item * {\n    color: white !important;\n  }\n  header {\n    padding: 30px;\n  }\n  #page {\n    flex: 1;\n    width: 100%;\n    height: 100%;\n  }\n  #content, #primary, #main, article, .inside-article, .entry-content {\n    width: 100%;\n    height: 100%;\n  }\n  .entry-header {\n     display: none;\n  }\n  header {\n    padding-top: 30px;\n  }\n  #content {\n    padding-top: 0;\n    background-image: url(http:\/\/cerasangelromero.com\/wp-content\/uploads\/2020\/11\/iStock-531311994-01jpg-scaled.jpg);\n    \/\/background-repeat: no-repeat;\n    background-size: cover;\n    height: 100%;\n    padding: 0;\n    \/\/background-position: -123px 0px;\n    background-position: center;\n\n  }\n  .inside-header {\n    padding: 20px 0 0 0;\n\n  }\n  .menu-toggle {\n    \/\/background: #f38700 !important;\n  }\n  .search-item {\n    display: none;\n  }\n  .site-footer {\n    width: 100%;\n  }\n  .entry-content {\n    margin-top:0;\n  }\n\n  .ceras-inicio-texto-mobile {\n    display: none;\n    padding: 30px;\n    background-color: rgba(0,0,0,0.6);\n    font-size: 16px;\n    text-align: left; \n    color: white;\n  }\n  .ceras-inicio-texto-mobile p {\n    font-weight: normal !important;\n    margin-bottom: 0;\n    line-height: 1.5;\n    text-align: center;\n  }\n  .ceras-inicio-texto {\n    padding: 30px 60px;\n    background-color: rgba(0,0,0,0.6);\n    font-size: 16px;\n    text-align: left; \n    color: white;\n  }\n  .ceras-inicio-texto p {\n    font-weight: normal !important;\n    margin-bottom: 8px;\n    line-height: 1.5;\n    text-align: center;\n    font-size: 20px;\n  }\n  h1 {\n    text-align: center;\n    border-bottom: 1px solid;\n    padding-bottom: 10px;\n    font-weight: normal;\n  }\n  .ceras-inicio {\n  }\n  \n  @media (max-width: 769px) {\n   header {\n    padding: 30px 0 0 0;\n   }\n   .site-logo {\n     margin-bottom: 0 !important;\n   }\n   h2 {\n    text-align: center;\n    border-bottom: 1px solid;\n    padding-bottom: 10px;\n    font-weight: normal;\n   }\n   .ceras-inicio {\n      flex-direction: column;\n      box-shadow: none;\n   }\n   .ceras-inicio-texto {\n     display: none;\n   }\n   .ceras-inicio-texto-mobile {\n     display: block;\n   }\n   .ceras-inicio-image {\n      min-height: 250px;\n   }\n   .ceras-inicio-enlaces {\n     display: none;\n   }\n   #primary-menu {\n     \/\/background: #f1bd5d;\n     background: orange;\n   }\n   .menu-item {\n    border-bottom: 1px solid white;\n   }\n   .menu-item:focus a, .menu-item:hover a {\n    background: orange !important;\n    color: white !important;\n   }\n   .current_page_item a {\n    background: #deae56 !important;\n    color: white !important;\n   }\n   .ceras-producto-item {\n      font-size: 12px;\n   }\n   .ceras-producto-item img {\n     max-width: 45px;\n     border: 6px solid white;\n    border-radius: 100%;\n\n   }\n  }\n\n<\/style>\n\n\n\n<p><\/p>\n","protected":false},"excerpt":{"rendered":"<p>Qu\u00e9 Hacemos&#8230; F\u00e1brica de estampaci\u00f3n de cera de abejas, FLEXIBLE Y R\u00cdGIDA en todas las medidas. Laminamos su propia cera. Compra\/Venta de cera, miel, polen alimento, colmenas, maquinaria y material ap\u00edcola. Qu\u00e9 Hacemos&#8230; F\u00e1brica de estampaci\u00f3n de cera de abejas, FLEXIBLE Y R\u00cdGIDA en todas las medidas. Laminamos su propia cera. Compra\/Venta de cera, miel, &#8230; <a title=\"Inicio\" class=\"read-more\" href=\"http:\/\/cerasangelromero.com\/\">Leer m\u00e1s <span class=\"screen-reader-text\">Inicio<\/span><\/a><\/p>\n","protected":false},"author":1,"featured_media":0,"parent":0,"menu_order":0,"comment_status":"closed","ping_status":"closed","template":"","meta":[],"yoast_head":"<!-- This site is optimized with the Yoast SEO plugin v15.5 - https:\/\/yoast.com\/wordpress\/plugins\/seo\/ -->\n<title>Inicio -<\/title>\n<meta name=\"robots\" content=\"index, follow, max-snippet:-1, max-image-preview:large, max-video-preview:-1\" \/>\n<link rel=\"canonical\" href=\"https:\/\/cerasangelromero.com\/\" \/>\n<meta property=\"og:locale\" content=\"es_ES\" \/>\n<meta property=\"og:type\" content=\"article\" \/>\n<meta property=\"og:title\" content=\"Inicio -\" \/>\n<meta property=\"og:description\" content=\"Qu\u00e9 Hacemos&#8230; F\u00e1brica de estampaci\u00f3n de cera de abejas, FLEXIBLE Y R\u00cdGIDA en todas las medidas. Laminamos su propia cera. Compra\/Venta de cera, miel, polen alimento, colmenas, maquinaria y material ap\u00edcola. Qu\u00e9 Hacemos&#8230; F\u00e1brica de estampaci\u00f3n de cera de abejas, FLEXIBLE Y R\u00cdGIDA en todas las medidas. Laminamos su propia cera. Compra\/Venta de cera, miel, ... Leer m\u00e1s Inicio\" \/>\n<meta property=\"og:url\" content=\"https:\/\/cerasangelromero.com\/\" \/>\n<meta property=\"article:modified_time\" content=\"2020-12-29T16:44:33+00:00\" \/>\n<meta property=\"og:image\" content=\"http:\/\/cerasangelromero.com\/wp-content\/uploads\/2020\/11\/iStock-531311994-01jpg-1024x488.jpg\" \/>\n<meta name=\"twitter:card\" content=\"summary_large_image\" \/>\n<meta name=\"twitter:label1\" content=\"Tiempo de lectura\">\n\t<meta name=\"twitter:data1\" content=\"0 minutos\">\n<script type=\"application\/ld+json\" class=\"yoast-schema-graph\">{\"@context\":\"https:\/\/schema.org\",\"@graph\":[{\"@type\":\"Organization\",\"@id\":\"http:\/\/cerasangelromero.com\/#organization\",\"name\":\"Ceras \\u00c1ngel Romero\",\"url\":\"http:\/\/cerasangelromero.com\/\",\"sameAs\":[],\"logo\":{\"@type\":\"ImageObject\",\"@id\":\"http:\/\/cerasangelromero.com\/#logo\",\"inLanguage\":\"es\",\"url\":\"http:\/\/cerasangelromero.com\/wp-content\/uploads\/2020\/10\/LOGO-ANGEL-ROMERO-1-scaled.jpg\",\"width\":2560,\"height\":1810,\"caption\":\"Ceras \\u00c1ngel Romero\"},\"image\":{\"@id\":\"http:\/\/cerasangelromero.com\/#logo\"}},{\"@type\":\"WebSite\",\"@id\":\"http:\/\/cerasangelromero.com\/#website\",\"url\":\"http:\/\/cerasangelromero.com\/\",\"name\":\"Ceras \\u00c1ngel Romero\",\"description\":\"\",\"publisher\":{\"@id\":\"http:\/\/cerasangelromero.com\/#organization\"},\"potentialAction\":[{\"@type\":\"SearchAction\",\"target\":\"http:\/\/cerasangelromero.com\/?s={search_term_string}\",\"query-input\":\"required name=search_term_string\"}],\"inLanguage\":\"es\"},{\"@type\":\"ImageObject\",\"@id\":\"https:\/\/cerasangelromero.com\/#primaryimage\",\"inLanguage\":\"es\",\"url\":\"http:\/\/cerasangelromero.com\/wp-content\/uploads\/2020\/11\/iStock-531311994-01jpg-1024x488.jpg\"},{\"@type\":\"WebPage\",\"@id\":\"https:\/\/cerasangelromero.com\/#webpage\",\"url\":\"https:\/\/cerasangelromero.com\/\",\"name\":\"Inicio -\",\"isPartOf\":{\"@id\":\"http:\/\/cerasangelromero.com\/#website\"},\"primaryImageOfPage\":{\"@id\":\"https:\/\/cerasangelromero.com\/#primaryimage\"},\"datePublished\":\"2020-10-06T19:34:56+00:00\",\"dateModified\":\"2020-12-29T16:44:33+00:00\",\"inLanguage\":\"es\",\"potentialAction\":[{\"@type\":\"ReadAction\",\"target\":[\"https:\/\/cerasangelromero.com\/\"]}]}]}<\/script>\n<!-- \/ Yoast SEO plugin. -->","_links":{"self":[{"href":"http:\/\/cerasangelromero.com\/index.php\/wp-json\/wp\/v2\/pages\/38"}],"collection":[{"href":"http:\/\/cerasangelromero.com\/index.php\/wp-json\/wp\/v2\/pages"}],"about":[{"href":"http:\/\/cerasangelromero.com\/index.php\/wp-json\/wp\/v2\/types\/page"}],"author":[{"embeddable":true,"href":"http:\/\/cerasangelromero.com\/index.php\/wp-json\/wp\/v2\/users\/1"}],"replies":[{"embeddable":true,"href":"http:\/\/cerasangelromero.com\/index.php\/wp-json\/wp\/v2\/comments?post=38"}],"version-history":[{"count":266,"href":"http:\/\/cerasangelromero.com\/index.php\/wp-json\/wp\/v2\/pages\/38\/revisions"}],"predecessor-version":[{"id":785,"href":"http:\/\/cerasangelromero.com\/index.php\/wp-json\/wp\/v2\/pages\/38\/revisions\/785"}],"wp:attachment":[{"href":"http:\/\/cerasangelromero.com\/index.php\/wp-json\/wp\/v2\/media?parent=38"}],"curies":[{"name":"wp","href":"https:\/\/api.w.org\/{rel}","templated":true}]}}